{"id":14440,"date":"2024-05-08T17:11:33","date_gmt":"2024-05-08T22:11:33","guid":{"rendered":"https:\/\/teegro.gob.mx\/sitio2023\/?page_id=14440"},"modified":"2024-12-02T16:01:54","modified_gmt":"2024-12-02T22:01:54","slug":"2concurso-de-fotografia","status":"publish","type":"page","link":"https:\/\/teegro.gob.mx\/sitio2025\/2concurso-de-fotografia\/","title":{"rendered":"2\u00b0 Concurso de Fotograf\u00eda"},"content":{"rendered":"\t\t<div data-elementor-type=\"wp-page\" data-elementor-id=\"14440\" class=\"elementor elementor-14440\">\n\t\t\t\t\t\t<section class=\"elementor-section elementor-top-section elementor-element elementor-element-2ee8814 elementor-section-boxed elementor-section-height-default elementor-section-height-default\" data-id=\"2ee8814\" data-element_type=\"section\" data-settings=\"{&quot;background_background&quot;:&quot;classic&quot;}\">\n\t\t\t\t\t\t<div class=\"elementor-container elementor-column-gap-default\">\n\t\t\t\t\t<div class=\"elementor-column elementor-col-100 elementor-top-column elementor-element elementor-element-31a114e\" data-id=\"31a114e\" data-element_type=\"column\">\n\t\t\t<div class=\"elementor-widget-wrap elementor-element-populated\">\n\t\t\t\t\t\t<div class=\"elementor-element elementor-element-87a4e27 elementor-widget elementor-widget-text-editor\" data-id=\"87a4e27\" data-element_type=\"widget\" data-widget_type=\"text-editor.default\">\n\t\t\t\t<div class=\"elementor-widget-container\">\n\t\t\t\t\t\t\t\t\t<p><a href=\"https:\/\/www.facebook.com\/share\/p\/19p9NqZ7Vf\/\">Realiza TEEGRO premiaci\u00f3n del Concurso de Fotograf\u00eda: \u201cLa Democracia desde Tu \u00d3ptica\u201d e inaugura 1ra Exposici\u00f3n Fotogr\u00e1fica del proceso electoral 2023-2024<\/a><\/p>\t\t\t\t\t\t\t\t<\/div>\n\t\t\t\t<\/div>\n\t\t\t\t\t<\/div>\n\t\t<\/div>\n\t\t\t\t\t<\/div>\n\t\t<\/section>\n\t\t\t\t<section class=\"elementor-section elementor-top-section elementor-element elementor-element-aff5b28 elementor-section-boxed elementor-section-height-default elementor-section-height-default\" data-id=\"aff5b28\" data-element_type=\"section\">\n\t\t\t\t\t\t<div class=\"elementor-container elementor-column-gap-default\">\n\t\t\t\t\t<div class=\"elementor-column elementor-col-100 elementor-top-column elementor-element elementor-element-c7766e6\" data-id=\"c7766e6\" data-element_type=\"column\">\n\t\t\t<div class=\"elementor-widget-wrap elementor-element-populated\">\n\t\t\t\t\t\t<div class=\"elementor-element elementor-element-487e91a elementor-widget elementor-widget-image\" data-id=\"487e91a\" data-element_type=\"widget\" data-widget_type=\"image.default\">\n\t\t\t\t<div class=\"elementor-widget-container\">\n\t\t\t\t\t\t\t\t\t\t\t\t\t\t\t<img fetchpriority=\"high\" decoding=\"async\" width=\"800\" height=\"450\" src=\"https:\/\/teegro.gob.mx\/sitio2025\/wp-content\/uploads\/2024\/11\/Ganadores-1024x576.png\" class=\"attachment-large size-large wp-image-16807\" alt=\"\" srcset=\"https:\/\/teegro.gob.mx\/sitio2025\/wp-content\/uploads\/2024\/11\/Ganadores-1024x576.png 1024w, https:\/\/teegro.gob.mx\/sitio2025\/wp-content\/uploads\/2024\/11\/Ganadores-300x169.png 300w, https:\/\/teegro.gob.mx\/sitio2025\/wp-content\/uploads\/2024\/11\/Ganadores-768x432.png 768w, https:\/\/teegro.gob.mx\/sitio2025\/wp-content\/uploads\/2024\/11\/Ganadores-1536x864.png 1536w, https:\/\/teegro.gob.mx\/sitio2025\/wp-content\/uploads\/2024\/11\/Ganadores.png 1920w\" sizes=\"(max-width: 800px) 100vw, 800px\" \/>\t\t\t\t\t\t\t\t\t\t\t\t\t\t\t<\/div>\n\t\t\t\t<\/div>\n\t\t\t\t\t<\/div>\n\t\t<\/div>\n\t\t\t\t\t<\/div>\n\t\t<\/section>\n\t\t\t\t<section class=\"elementor-section elementor-top-section elementor-element elementor-element-e60e3d6 elementor-section-boxed elementor-section-height-default elementor-section-height-default\" data-id=\"e60e3d6\" data-element_type=\"section\">\n\t\t\t\t\t\t<div class=\"elementor-container elementor-column-gap-default\">\n\t\t\t\t\t<div class=\"elementor-column elementor-col-100 elementor-top-column elementor-element elementor-element-ea0e6b1\" data-id=\"ea0e6b1\" data-element_type=\"column\">\n\t\t\t<div class=\"elementor-widget-wrap elementor-element-populated\">\n\t\t\t\t\t\t<div class=\"elementor-element elementor-element-c1953ff elementor-widget elementor-widget-image\" data-id=\"c1953ff\" data-element_type=\"widget\" data-widget_type=\"image.default\">\n\t\t\t\t<div class=\"elementor-widget-container\">\n\t\t\t\t\t\t\t\t\t\t\t\t\t\t\t<img decoding=\"async\" width=\"800\" height=\"450\" src=\"https:\/\/teegro.gob.mx\/sitio2025\/wp-content\/uploads\/2024\/11\/Finalistas-1024x576.png\" class=\"attachment-large size-large wp-image-16808\" alt=\"\" srcset=\"https:\/\/teegro.gob.mx\/sitio2025\/wp-content\/uploads\/2024\/11\/Finalistas-1024x576.png 1024w, https:\/\/teegro.gob.mx\/sitio2025\/wp-content\/uploads\/2024\/11\/Finalistas-300x169.png 300w, https:\/\/teegro.gob.mx\/sitio2025\/wp-content\/uploads\/2024\/11\/Finalistas-768x432.png 768w, https:\/\/teegro.gob.mx\/sitio2025\/wp-content\/uploads\/2024\/11\/Finalistas-1536x864.png 1536w, https:\/\/teegro.gob.mx\/sitio2025\/wp-content\/uploads\/2024\/11\/Finalistas.png 1920w\" sizes=\"(max-width: 800px) 100vw, 800px\" \/>\t\t\t\t\t\t\t\t\t\t\t\t\t\t\t<\/div>\n\t\t\t\t<\/div>\n\t\t\t\t\t<\/div>\n\t\t<\/div>\n\t\t\t\t\t<\/div>\n\t\t<\/section>\n\t\t\t\t<section class=\"elementor-section elementor-top-section elementor-element elementor-element-eb740e9 elementor-section-boxed elementor-section-height-default elementor-section-height-default\" data-id=\"eb740e9\" data-element_type=\"section\" data-settings=\"{&quot;background_background&quot;:&quot;classic&quot;}\">\n\t\t\t\t\t\t<div class=\"elementor-container elementor-column-gap-default\">\n\t\t\t\t\t<div class=\"elementor-column elementor-col-100 elementor-top-column elementor-element elementor-element-f316a7c\" data-id=\"f316a7c\" data-element_type=\"column\">\n\t\t\t<div class=\"elementor-widget-wrap elementor-element-populated\">\n\t\t\t\t\t\t<div class=\"elementor-element elementor-element-c48c1f3 elementor-widget elementor-widget-text-editor\" data-id=\"c48c1f3\" data-element_type=\"widget\" data-widget_type=\"text-editor.default\">\n\t\t\t\t<div class=\"elementor-widget-container\">\n\t\t\t\t\t\t\t\t\t<p style=\"text-align: center;\"><strong>Bases de la Convocatoria<\/strong><\/p>\t\t\t\t\t\t\t\t<\/div>\n\t\t\t\t<\/div>\n\t\t\t\t<div class=\"elementor-element elementor-element-6b405bf elementor-widget elementor-widget-image\" data-id=\"6b405bf\" data-element_type=\"widget\" data-widget_type=\"image.default\">\n\t\t\t\t<div class=\"elementor-widget-container\">\n\t\t\t\t\t\t\t\t\t\t\t\t\t\t\t<img decoding=\"async\" width=\"800\" height=\"450\" src=\"https:\/\/teegro.gob.mx\/sitio2025\/wp-content\/uploads\/2024\/05\/BANNER-WEB-1024x576.jpg\" class=\"attachment-large size-large wp-image-14441\" alt=\"\" srcset=\"https:\/\/teegro.gob.mx\/sitio2025\/wp-content\/uploads\/2024\/05\/BANNER-WEB-1024x576.jpg 1024w, https:\/\/teegro.gob.mx\/sitio2025\/wp-content\/uploads\/2024\/05\/BANNER-WEB-300x169.jpg 300w, https:\/\/teegro.gob.mx\/sitio2025\/wp-content\/uploads\/2024\/05\/BANNER-WEB-768x432.jpg 768w, https:\/\/teegro.gob.mx\/sitio2025\/wp-content\/uploads\/2024\/05\/BANNER-WEB-1536x864.jpg 1536w, https:\/\/teegro.gob.mx\/sitio2025\/wp-content\/uploads\/2024\/05\/BANNER-WEB.jpg 1920w\" sizes=\"(max-width: 800px) 100vw, 800px\" \/>\t\t\t\t\t\t\t\t\t\t\t\t\t\t\t<\/div>\n\t\t\t\t<\/div>\n\t\t\t\t<div class=\"elementor-element elementor-element-4f94d22 elementor-widget elementor-widget-image\" data-id=\"4f94d22\" data-element_type=\"widget\" data-widget_type=\"image.default\">\n\t\t\t\t<div class=\"elementor-widget-container\">\n\t\t\t\t\t\t\t\t\t\t\t\t\t\t\t\t<a href=\"https:\/\/teegro.gob.mx\/sitio2023\/wp-content\/uploads\/2024\/05\/CONVOCATORIA-COMPLETA.png\" data-elementor-open-lightbox=\"yes\" data-elementor-lightbox-title=\"CONVOCATORIA-COMPLETA\" data-e-action-hash=\"#elementor-action%3Aaction%3Dlightbox%26settings%3DeyJpZCI6MTQ0NzksInVybCI6Imh0dHBzOlwvXC90ZWVncm8uZ29iLm14XC9zaXRpbzIwMjVcL3dwLWNvbnRlbnRcL3VwbG9hZHNcLzIwMjRcLzA1XC9DT05WT0NBVE9SSUEtQ09NUExFVEEucG5nIn0%3D\">\n\t\t\t\t\t\t\t<img loading=\"lazy\" decoding=\"async\" width=\"612\" height=\"1008\" src=\"https:\/\/teegro.gob.mx\/sitio2025\/wp-content\/uploads\/2024\/05\/CONVOCATORIA-COMPLETA.png\" class=\"attachment-large size-large wp-image-14479\" alt=\"\" srcset=\"https:\/\/teegro.gob.mx\/sitio2025\/wp-content\/uploads\/2024\/05\/CONVOCATORIA-COMPLETA.png 612w, https:\/\/teegro.gob.mx\/sitio2025\/wp-content\/uploads\/2024\/05\/CONVOCATORIA-COMPLETA-182x300.png 182w\" sizes=\"(max-width: 612px) 100vw, 612px\" \/>\t\t\t\t\t\t\t\t<\/a>\n\t\t\t\t\t\t\t\t\t\t\t\t\t\t\t<\/div>\n\t\t\t\t<\/div>\n\t\t\t\t\t<\/div>\n\t\t<\/div>\n\t\t\t\t\t<\/div>\n\t\t<\/section>\n\t\t\t\t<section class=\"elementor-section elementor-top-section elementor-element elementor-element-64adaf7 elementor-section-boxed elementor-section-height-default elementor-section-height-default\" data-id=\"64adaf7\" data-element_type=\"section\" data-settings=\"{&quot;background_background&quot;:&quot;classic&quot;}\">\n\t\t\t\t\t\t<div class=\"elementor-container elementor-column-gap-default\">\n\t\t\t\t\t<div class=\"elementor-column elementor-col-100 elementor-top-column elementor-element elementor-element-b6eb60f\" data-id=\"b6eb60f\" data-element_type=\"column\">\n\t\t\t<div class=\"elementor-widget-wrap elementor-element-populated\">\n\t\t\t\t\t\t<div class=\"elementor-element elementor-element-26a4fc0 elementor-widget elementor-widget-text-editor\" data-id=\"26a4fc0\" data-element_type=\"widget\" data-widget_type=\"text-editor.default\">\n\t\t\t\t<div class=\"elementor-widget-container\">\n\t\t\t\t\t\t\t\t\t<p style=\"text-align: center;\"><strong>Solicitud de Registro <a href=\"https:\/\/teegro.gob.mx\/sitio2023\/wp-content\/uploads\/2024\/05\/Solicitud-de-Registro.docx\"><img loading=\"lazy\" decoding=\"async\" class=\"wp-image-11524 aligncenter\" src=\"https:\/\/teegro.gob.mx\/inicio\/wp-content\/uploads\/2023\/09\/word-1.png\" alt=\"\" width=\"30\" height=\"28\" \/><\/a>Cesi\u00f3n de Derechos<a href=\"https:\/\/teegro.gob.mx\/sitio2023\/wp-content\/uploads\/2024\/05\/Cesion-de-Derechos.docx\"><img loading=\"lazy\" decoding=\"async\" class=\"wp-image-11524 aligncenter\" src=\"https:\/\/teegro.gob.mx\/inicio\/wp-content\/uploads\/2023\/09\/word-1.png\" alt=\"\" width=\"30\" height=\"28\" \/><\/a><\/strong><\/p>\t\t\t\t\t\t\t\t<\/div>\n\t\t\t\t<\/div>\n\t\t\t\t\t<\/div>\n\t\t<\/div>\n\t\t\t\t\t<\/div>\n\t\t<\/section>\n\t\t\t\t<\/div>\n\t\t","protected":false},"excerpt":{"rendered":"<p>Realiza TEEGRO premiaci\u00f3n del Concurso de Fotograf\u00eda: \u201cLa Democracia desde Tu \u00d3ptica\u201d e inaugura 1ra Exposici\u00f3n Fotogr\u00e1fica del proceso electoral 2023-2024 Bases de la Convocatoria Solicitud de Registro Cesi\u00f3n de Derechos<\/p>\n","protected":false},"author":1,"featured_media":0,"parent":0,"menu_order":0,"comment_status":"closed","ping_status":"closed","template":"","meta":{"_acf_changed":false,"footnotes":""},"class_list":["post-14440","page","type-page","status-publish","hentry"],"acf":[],"_links":{"self":[{"href":"https:\/\/teegro.gob.mx\/sitio2025\/wp-json\/wp\/v2\/pages\/14440","targetHints":{"allow":["GET"]}}],"collection":[{"href":"https:\/\/teegro.gob.mx\/sitio2025\/wp-json\/wp\/v2\/pages"}],"about":[{"href":"https:\/\/teegro.gob.mx\/sitio2025\/wp-json\/wp\/v2\/types\/page"}],"author":[{"embeddable":true,"href":"https:\/\/teegro.gob.mx\/sitio2025\/wp-json\/wp\/v2\/users\/1"}],"replies":[{"embeddable":true,"href":"https:\/\/teegro.gob.mx\/sitio2025\/wp-json\/wp\/v2\/comments?post=14440"}],"version-history":[{"count":15,"href":"https:\/\/teegro.gob.mx\/sitio2025\/wp-json\/wp\/v2\/pages\/14440\/revisions"}],"predecessor-version":[{"id":17028,"href":"https:\/\/teegro.gob.mx\/sitio2025\/wp-json\/wp\/v2\/pages\/14440\/revisions\/17028"}],"wp:attachment":[{"href":"https:\/\/teegro.gob.mx\/sitio2025\/wp-json\/wp\/v2\/media?parent=14440"}],"curies":[{"name":"wp","href":"https:\/\/api.w.org\/{rel}","templated":true}]}}