{"id":1451,"date":"2016-03-21T16:47:39","date_gmt":"2016-03-21T16:47:39","guid":{"rendered":"http:\/\/teegro.gob.mx\/inicio\/?page_id=1451"},"modified":"2025-09-17T14:11:39","modified_gmt":"2025-09-17T20:11:39","slug":"estadisticas","status":"publish","type":"page","link":"https:\/\/teegro.gob.mx\/sitio2025\/informacion-jurisdiccional-2\/estadisticas\/","title":{"rendered":"Estad\u00edsticas"},"content":{"rendered":"\t\t<div data-elementor-type=\"wp-page\" data-elementor-id=\"1451\" class=\"elementor elementor-1451\">\n\t\t\t\t\t\t<section class=\"elementor-section elementor-top-section elementor-element elementor-element-4d335540 elementor-section-boxed elementor-section-height-default elementor-section-height-default\" data-id=\"4d335540\" data-element_type=\"section\">\n\t\t\t\t\t\t<div class=\"elementor-container elementor-column-gap-default\">\n\t\t\t\t\t<div class=\"elementor-column elementor-col-100 elementor-top-column elementor-element elementor-element-de2b179\" data-id=\"de2b179\" data-element_type=\"column\">\n\t\t\t<div class=\"elementor-widget-wrap elementor-element-populated\">\n\t\t\t\t\t\t<div class=\"elementor-element elementor-element-ab6d834 elementor-widget elementor-widget-html\" data-id=\"ab6d834\" data-element_type=\"widget\" data-widget_type=\"html.default\">\n\t\t\t\t<div class=\"elementor-widget-container\">\n\t\t\t\t\t<style>\n.section-title h3 {font-size: 18px; text-transform: none;}\n    .listing-item {background:#d6f0f3; margin: 0px!important; padding: 5px;}  \n    .display-posts-listing {list-style:none; margin: 10px 0;}\n    .listing-item:hover {background: #fff;}\n    .listing-item:before {font-family: \"Font Awesome 5 free\"; content:\"\\f080\"; margin: 0 10px;}\n     .ultima-estadistica .listing-item:before {content:\"\";}\n    .listing-item .title {padding: 10px 0; color:#333!important;}\n    .nav-links {text-align: center; font-weight: 600;}\n    .page-numbers current {text-decoration: underline;}\n    .older {background: #2d82a2!important;\n    padding: 10px;\n    font-weight: bold;\n    float: right!important;\n        border: none!important;\n        border-radius: 0px!important    }\n    .order a:hover {color:#fff!important;}\n\n<\/style>\t\t\t\t<\/div>\n\t\t\t\t<\/div>\n\t\t\t\t<div class=\"elementor-element elementor-element-6c06b43 elementor-widget elementor-widget-image\" data-id=\"6c06b43\" data-element_type=\"widget\" data-widget_type=\"image.default\">\n\t\t\t\t<div class=\"elementor-widget-container\">\n\t\t\t\t\t\t\t\t\t\t\t\t\t\t\t<img fetchpriority=\"high\" decoding=\"async\" width=\"1570\" height=\"416\" src=\"https:\/\/teegro.gob.mx\/sitio2025\/wp-content\/uploads\/2019\/11\/Estadisticas.jpg\" class=\"attachment-full size-full wp-image-8435\" alt=\"\" srcset=\"https:\/\/teegro.gob.mx\/sitio2025\/wp-content\/uploads\/2019\/11\/Estadisticas.jpg 1570w, https:\/\/teegro.gob.mx\/sitio2025\/wp-content\/uploads\/2019\/11\/Estadisticas-300x79.jpg 300w, https:\/\/teegro.gob.mx\/sitio2025\/wp-content\/uploads\/2019\/11\/Estadisticas-768x203.jpg 768w, https:\/\/teegro.gob.mx\/sitio2025\/wp-content\/uploads\/2019\/11\/Estadisticas-1024x271.jpg 1024w\" sizes=\"(max-width: 1570px) 100vw, 1570px\" \/>\t\t\t\t\t\t\t\t\t\t\t\t\t\t\t<\/div>\n\t\t\t\t<\/div>\n\t\t\t\t\t<\/div>\n\t\t<\/div>\n\t\t\t\t\t<\/div>\n\t\t<\/section>\n\t\t\t\t<section class=\"elementor-section elementor-top-section elementor-element elementor-element-b33418d elementor-section-boxed elementor-section-height-default elementor-section-height-default\" data-id=\"b33418d\" data-element_type=\"section\" data-settings=\"{&quot;background_background&quot;:&quot;classic&quot;}\">\n\t\t\t\t\t\t<div class=\"elementor-container elementor-column-gap-no\">\n\t\t\t\t\t<div class=\"elementor-column elementor-col-50 elementor-top-column elementor-element elementor-element-ed1cf3f\" data-id=\"ed1cf3f\" data-element_type=\"column\">\n\t\t\t<div class=\"elementor-widget-wrap elementor-element-populated\">\n\t\t\t\t\t\t<div class=\"elementor-element elementor-element-35d227d section-title elementor-widget elementor-widget-heading\" data-id=\"35d227d\" data-element_type=\"widget\" data-widget_type=\"heading.default\">\n\t\t\t\t<div class=\"elementor-widget-container\">\n\t\t\t\t\t<h3 class=\"elementor-heading-title elementor-size-default\">Libros de Gobierno<\/h3>\t\t\t\t<\/div>\n\t\t\t\t<\/div>\n\t\t\t\t<div class=\"elementor-element elementor-element-193cdba elementor-widget elementor-widget-text-editor\" data-id=\"193cdba\" data-element_type=\"widget\" data-widget_type=\"text-editor.default\">\n\t\t\t\t<div class=\"elementor-widget-container\">\n\t\t\t\t\t\t\t\t\t<table style=\"height: 81px; width: 70.1138%; border-collapse: collapse;\"><tbody><tr style=\"height: 24px;\"><td style=\"width: 39.5264%; text-align: center; height: 24px;\"><strong>A\u00f1o<\/strong><\/td><td style=\"width: 40.6734%; text-align: center; height: 24px;\"><strong>Descarga<\/strong><\/td><\/tr><tr><td style=\"width: 39.5264%; text-align: center;\">2025<\/td><td style=\"width: 40.6734%; text-align: center;\"><a href=\"https:\/\/teegro.gob.mx\/sitio2023\/wp-content\/uploads\/2025\/09\/LIBDIGene-jul25.pdf\"><img decoding=\"async\" class=\"alignnone wp-image-9665\" src=\"https:\/\/teegro.gob.mx\/sitio2023\/wp-content\/uploads\/2023\/04\/pdf150x150-2.png\" alt=\"\" width=\"30\" height=\"30\" \/><\/a><\/td><\/tr><tr style=\"height: 38px;\"><td style=\"width: 39.5264%; height: 38px; text-align: center;\">2024<\/td><td style=\"width: 40.6734%; height: 38px; text-align: center;\"><a href=\"https:\/\/teegro.gob.mx\/sitio2023\/wp-content\/uploads\/2025\/07\/LIB_DIG_24.pdf\"><img decoding=\"async\" class=\"alignnone wp-image-9665\" src=\"https:\/\/teegro.gob.mx\/sitio2023\/wp-content\/uploads\/2023\/04\/pdf150x150-2.png\" alt=\"\" width=\"30\" height=\"30\" \/><\/a><\/td><\/tr><tr style=\"height: 19px;\"><td style=\"width: 39.5264%; text-align: center; height: 19px;\">2023<\/td><td style=\"width: 40.6734%; height: 19px;\"><a href=\"https:\/\/teegro.gob.mx\/sitio2023\/wp-content\/uploads\/2025\/05\/LibDig2330042025.pdf\"><img decoding=\"async\" class=\"alignnone wp-image-9665 aligncenter\" src=\"https:\/\/teegro.gob.mx\/sitio2023\/wp-content\/uploads\/2023\/04\/pdf150x150-2.png\" alt=\"\" width=\"30\" height=\"30\" \/><\/a><\/td><\/tr><\/tbody><\/table><p style=\"text-align: left;\">\u00a0<\/p>\t\t\t\t\t\t\t\t<\/div>\n\t\t\t\t<\/div>\n\t\t\t\t<div class=\"elementor-element elementor-element-e77e861 section-title elementor-widget elementor-widget-heading\" data-id=\"e77e861\" data-element_type=\"widget\" data-widget_type=\"heading.default\">\n\t\t\t\t<div class=\"elementor-widget-container\">\n\t\t\t\t\t<h3 class=\"elementor-heading-title elementor-size-default\">Archivo de estad\u00edsticas<\/h3>\t\t\t\t<\/div>\n\t\t\t\t<\/div>\n\t\t\t\t<div class=\"elementor-element elementor-element-228c07d elementor-widget elementor-widget-shortcode\" data-id=\"228c07d\" data-element_type=\"widget\" data-widget_type=\"shortcode.default\">\n\t\t\t\t<div class=\"elementor-widget-container\">\n\t\t\t\t\t\t\t<div class=\"elementor-shortcode\"><ul class=\"display-posts-listing\"><li class=\"listing-item\"><a class=\"title\" href=\"https:\/\/teegro.gob.mx\/sitio2025\/estadistica-del-mes-de-agosto-de-2025\/\">Estad\u00edstica del mes de agosto de 2025<\/a><\/li><li class=\"listing-item\"><a class=\"title\" href=\"https:\/\/teegro.gob.mx\/sitio2025\/estadistica-del-mes-de-julio-de-2025\/\">Estad\u00edstica del mes de julio de 2025<\/a><\/li><li class=\"listing-item\"><a class=\"title\" href=\"https:\/\/teegro.gob.mx\/sitio2025\/estadistica-del-mes-de-junio-de-2025\/\">Estad\u00edstica del mes de junio de 2025<\/a><\/li><li class=\"listing-item\"><a class=\"title\" href=\"https:\/\/teegro.gob.mx\/sitio2025\/estadistica-del-mes-de-mayo-de-2025\/\">Estad\u00edstica del mes de mayo de 2025<\/a><\/li><li class=\"listing-item\"><a class=\"title\" href=\"https:\/\/teegro.gob.mx\/sitio2025\/estadistica-del-mes-de-abril-de-2025\/\">Estad\u00edstica del mes de abril de 2025<\/a><\/li><li class=\"listing-item\"><a class=\"title\" href=\"https:\/\/teegro.gob.mx\/sitio2025\/estadistica-del-mes-de-marzo-de-2025\/\">Estad\u00edstica del mes de Marzo de 2025<\/a><\/li><li class=\"listing-item\"><a class=\"title\" href=\"https:\/\/teegro.gob.mx\/sitio2025\/estadistica-del-mes-de-febrero-de-2025\/\">Estad\u00edstica del mes de Febrero de 2025<\/a><\/li><li class=\"listing-item\"><a class=\"title\" href=\"https:\/\/teegro.gob.mx\/sitio2025\/estadistica-del-mes-de-enero-de-2025\/\">Estad\u00edstica del mes de Enero de 2025<\/a><\/li><li class=\"listing-item\"><a class=\"title\" href=\"https:\/\/teegro.gob.mx\/sitio2025\/estadistica-del-mes-de-diciembre-de-2024\/\">Estad\u00edstica del mes de Diciembre de 2024<\/a><\/li><li class=\"listing-item\"><a class=\"title\" href=\"https:\/\/teegro.gob.mx\/sitio2025\/estadistica-del-mes-de-noviembre-de-2024\/\">Estad\u00edstica del mes de Noviembre de 2024<\/a><\/li><li class=\"listing-item\"><a class=\"title\" href=\"https:\/\/teegro.gob.mx\/sitio2025\/estadistica-del-mes-de-octubre-de-2024\/\">Estad\u00edstica del mes de Octubre de 2024<\/a><\/li><li class=\"listing-item\"><a class=\"title\" href=\"https:\/\/teegro.gob.mx\/sitio2025\/estadistica-del-mes-de-septiembre-de-2024\/\">Estad\u00edstica del mes de septiembre de 2024<\/a><\/li><\/ul><nav class=\"display-posts-pagination\" role=\"navigation\"><h2 class=\"screen-reader-text\">Navigation<\/h2><div class=\"nav-links\"><span aria-current=\"page\" class=\"page-numbers current\">1<\/span>\n<a class=\"page-numbers\" href=\"https:\/\/teegro.gob.mx\/sitio2025\/wp-json\/wp\/v2\/pages\/1451\/?dps_paged=2\">2<\/a>\n<a class=\"page-numbers\" href=\"https:\/\/teegro.gob.mx\/sitio2025\/wp-json\/wp\/v2\/pages\/1451\/?dps_paged=3\">3<\/a>\n<span class=\"page-numbers dots\">&hellip;<\/span>\n<a class=\"page-numbers\" href=\"https:\/\/teegro.gob.mx\/sitio2025\/wp-json\/wp\/v2\/pages\/1451\/?dps_paged=11\">11<\/a>\n<a class=\"next page-numbers\" href=\"https:\/\/teegro.gob.mx\/sitio2025\/wp-json\/wp\/v2\/pages\/1451\/?dps_paged=2\">P\u00e1gina siguiente<\/a><\/div><\/nav><\/div>\n\t\t\t\t\t\t<\/div>\n\t\t\t\t<\/div>\n\t\t\t\t\t<\/div>\n\t\t<\/div>\n\t\t\t\t<div class=\"elementor-column elementor-col-50 elementor-top-column elementor-element elementor-element-bf38a27\" data-id=\"bf38a27\" data-element_type=\"column\">\n\t\t\t<div class=\"elementor-widget-wrap elementor-element-populated\">\n\t\t\t\t\t\t<div class=\"elementor-element elementor-element-e43d3d6 section-title elementor-widget elementor-widget-heading\" data-id=\"e43d3d6\" data-element_type=\"widget\" data-widget_type=\"heading.default\">\n\t\t\t\t<div class=\"elementor-widget-container\">\n\t\t\t\t\t<h3 class=\"elementor-heading-title elementor-size-default\">\u00daltima estad\u00edstica<\/h3>\t\t\t\t<\/div>\n\t\t\t\t<\/div>\n\t\t\t\t<div class=\"elementor-element elementor-element-20f897e ultima-estadistica elementor-widget elementor-widget-shortcode\" data-id=\"20f897e\" data-element_type=\"widget\" data-widget_type=\"shortcode.default\">\n\t\t\t\t<div class=\"elementor-widget-container\">\n\t\t\t\t\t\t\t<div class=\"elementor-shortcode\"><ul class=\"display-posts-listing\"><li class=\"listing-item\"><div class=\"content\"><!-- VideographyWP Plugin Message: Automatic video embedding prevented by plugin options. -->\n\n<iframe src=\"\/\/docs.google.com\/viewer?url=https%3A%2F%2Fteegro.gob.mx%2Fsitio2023%2Fwp-content%2Fuploads%2F2025%2F09%2FEsta-Ago-25.pdf&hl=es&embedded=true\" class=\"gde-frame\" style=\"width:100%; height:500px; border: none;\" scrolling=\"no\"><\/iframe>\n<p class=\"gde-text\"><a href=\"https:\/\/teegro.gob.mx\/sitio2023\/wp-content\/uploads\/2025\/09\/Esta-Ago-25.pdf\" class=\"gde-link\" onClick=\"_gaq.push(['_trackEvent', 'Google Doc Embedder', 'Download', this.href]);\">Download Esta-Ago-25.pdf.PDF(115KB)<\/a><\/p>\n<\/div><\/li><\/ul><\/div>\n\t\t\t\t\t\t<\/div>\n\t\t\t\t<\/div>\n\t\t\t\t\t<\/div>\n\t\t<\/div>\n\t\t\t\t\t<\/div>\n\t\t<\/section>\n\t\t\t\t<\/div>\n\t\t","protected":false},"excerpt":{"rendered":"<p>Libros de Gobierno A\u00f1o Descarga 2025 2024 2023 \u00a0 Archivo de estad\u00edsticas \u00daltima estad\u00edstica<\/p>\n","protected":false},"author":1,"featured_media":0,"parent":1455,"menu_order":0,"comment_status":"closed","ping_status":"closed","template":"elementor_header_footer","meta":{"_acf_changed":false,"footnotes":""},"class_list":["post-1451","page","type-page","status-publish","hentry"],"acf":[],"_links":{"self":[{"href":"https:\/\/teegro.gob.mx\/sitio2025\/wp-json\/wp\/v2\/pages\/1451","targetHints":{"allow":["GET"]}}],"collection":[{"href":"https:\/\/teegro.gob.mx\/sitio2025\/wp-json\/wp\/v2\/pages"}],"about":[{"href":"https:\/\/teegro.gob.mx\/sitio2025\/wp-json\/wp\/v2\/types\/page"}],"author":[{"embeddable":true,"href":"https:\/\/teegro.gob.mx\/sitio2025\/wp-json\/wp\/v2\/users\/1"}],"replies":[{"embeddable":true,"href":"https:\/\/teegro.gob.mx\/sitio2025\/wp-json\/wp\/v2\/comments?post=1451"}],"version-history":[{"count":77,"href":"https:\/\/teegro.gob.mx\/sitio2025\/wp-json\/wp\/v2\/pages\/1451\/revisions"}],"predecessor-version":[{"id":18948,"href":"https:\/\/teegro.gob.mx\/sitio2025\/wp-json\/wp\/v2\/pages\/1451\/revisions\/18948"}],"up":[{"embeddable":true,"href":"https:\/\/teegro.gob.mx\/sitio2025\/wp-json\/wp\/v2\/pages\/1455"}],"wp:attachment":[{"href":"https:\/\/teegro.gob.mx\/sitio2025\/wp-json\/wp\/v2\/media?parent=1451"}],"curies":[{"name":"wp","href":"https:\/\/api.w.org\/{rel}","templated":true}]}}