{"id":1462,"date":"2016-03-21T16:59:07","date_gmt":"2016-03-21T16:59:07","guid":{"rendered":"http:\/\/teegro.gob.mx\/inicio\/?page_id=1462"},"modified":"2023-12-04T11:03:54","modified_gmt":"2023-12-04T17:03:54","slug":"estudio-comparativo","status":"publish","type":"page","link":"https:\/\/teegro.gob.mx\/sitio2025\/investigacion-y-difusion-electoral\/estudio-comparativo\/","title":{"rendered":"Estudio comparativo de leyes electorales"},"content":{"rendered":"<p><!-- VideographyWP Plugin Message: Automatic video embedding prevented by plugin options. --><\/p>\n<hr>\n<p><a href=\"http:\/\/teegro.gob.mx\/sitio2023\/investigacion-y-difusion-electoral\/estudio-comparativo\/introduccion\/\" data-wplink-edit=\"true\"><img decoding=\"async\" src=\"http:\/\/teegro.gob.mx\/inicio\/wp-content\/uploads\/2016\/03\/icontema.png\" alt=\"pdf\" width=\"33\" height=\"33\"> <strong>Introducci\u00f3n<\/strong><\/a><\/p>\n<p><a href=\"http:\/\/teegro.gob.mx\/sitio2023\/investigacion-y-difusion-electoral\/estudio-comparativo\/constituciones-locales\/\"><img decoding=\"async\" src=\"http:\/\/teegro.gob.mx\/inicio\/wp-content\/uploads\/2016\/03\/tb-municipiolibre.png\" alt=\"pdf\" width=\"33\" height=\"33\"> <strong>Constituciones locales<\/strong><\/a><\/p>\n<p><a href=\"http:\/\/teegro.gob.mx\/sitio2023\/investigacion-y-difusion-electoral\/estudio-comparativo\/leyes-procesales-por-tema\/\"><img decoding=\"async\" src=\"http:\/\/teegro.gob.mx\/inicio\/wp-content\/uploads\/2016\/04\/balanza.png\" alt=\"pdf\" width=\"33\" height=\"33\"> <strong>Leyes procesales por tema<\/strong><\/a><\/p>\n<p><a href=\"http:\/\/teegro.gob.mx\/sitio2023\/investigacion-y-difusion-electoral\/estudio-comparativo\/leyes-procesales-por-articulo\/\"><img loading=\"lazy\" decoding=\"async\" src=\"http:\/\/teegro.gob.mx\/inicio\/wp-content\/uploads\/2016\/03\/icono1.png\" alt=\"pdf\" width=\"33\" height=\"33\"> <strong>Leyes procesales por art\u00edculo<\/strong><\/a><\/p>\n<p><a href=\"http:\/\/teegro.gob.mx\/sitio2023\/investigacion-y-difusion-electoral\/estudio-comparativo\/leyes-organicas\/\"><img loading=\"lazy\" decoding=\"async\" src=\"http:\/\/teegro.gob.mx\/inicio\/wp-content\/uploads\/2016\/03\/justice-icon.png\" alt=\"pdf\" width=\"33\" height=\"33\"> <strong>Leyes org\u00e1nicas<\/strong><\/a><\/p>\n","protected":false},"excerpt":{"rendered":"<p>Introducci\u00f3n Constituciones locales Leyes procesales por tema Leyes procesales por art\u00edculo Leyes org\u00e1nicas<\/p>\n","protected":false},"author":1,"featured_media":0,"parent":1857,"menu_order":0,"comment_status":"closed","ping_status":"closed","template":"","meta":{"_acf_changed":false,"footnotes":""},"class_list":["post-1462","page","type-page","status-publish","hentry"],"acf":[],"_links":{"self":[{"href":"https:\/\/teegro.gob.mx\/sitio2025\/wp-json\/wp\/v2\/pages\/1462","targetHints":{"allow":["GET"]}}],"collection":[{"href":"https:\/\/teegro.gob.mx\/sitio2025\/wp-json\/wp\/v2\/pages"}],"about":[{"href":"https:\/\/teegro.gob.mx\/sitio2025\/wp-json\/wp\/v2\/types\/page"}],"author":[{"embeddable":true,"href":"https:\/\/teegro.gob.mx\/sitio2025\/wp-json\/wp\/v2\/users\/1"}],"replies":[{"embeddable":true,"href":"https:\/\/teegro.gob.mx\/sitio2025\/wp-json\/wp\/v2\/comments?post=1462"}],"version-history":[{"count":6,"href":"https:\/\/teegro.gob.mx\/sitio2025\/wp-json\/wp\/v2\/pages\/1462\/revisions"}],"predecessor-version":[{"id":12026,"href":"https:\/\/teegro.gob.mx\/sitio2025\/wp-json\/wp\/v2\/pages\/1462\/revisions\/12026"}],"up":[{"embeddable":true,"href":"https:\/\/teegro.gob.mx\/sitio2025\/wp-json\/wp\/v2\/pages\/1857"}],"wp:attachment":[{"href":"https:\/\/teegro.gob.mx\/sitio2025\/wp-json\/wp\/v2\/media?parent=1462"}],"curies":[{"name":"wp","href":"https:\/\/api.w.org\/{rel}","templated":true}]}}