{"id":1537,"date":"2016-03-23T21:32:32","date_gmt":"2016-03-23T21:32:32","guid":{"rendered":"http:\/\/teegro.gob.mx\/inicio\/?page_id=1537"},"modified":"2025-09-18T15:51:08","modified_gmt":"2025-09-18T21:51:08","slug":"marco-normativo","status":"publish","type":"page","link":"https:\/\/teegro.gob.mx\/sitio2025\/transparencia-2\/administrativo\/marco-normativo\/","title":{"rendered":"Marco Normativo"},"content":{"rendered":"\t\t<div data-elementor-type=\"wp-page\" data-elementor-id=\"1537\" class=\"elementor elementor-1537\">\n\t\t\t\t\t\t<section class=\"elementor-section elementor-top-section elementor-element elementor-element-43f943f elementor-section-boxed elementor-section-height-default elementor-section-height-default\" data-id=\"43f943f\" data-element_type=\"section\">\n\t\t\t\t\t\t<div class=\"elementor-container elementor-column-gap-default\">\n\t\t\t\t\t<div class=\"elementor-column elementor-col-100 elementor-top-column elementor-element elementor-element-1cb3bc7\" data-id=\"1cb3bc7\" data-element_type=\"column\">\n\t\t\t<div class=\"elementor-widget-wrap elementor-element-populated\">\n\t\t\t\t\t\t<div class=\"elementor-element elementor-element-024458b elementor-widget elementor-widget-html\" data-id=\"024458b\" data-element_type=\"widget\" data-widget_type=\"html.default\">\n\t\t\t\t<div class=\"elementor-widget-container\">\n\t\t\t\t\t<style>\nsection .contenido_leyes h3 {background-color:#666; color:#fff; width:300px; padding:6px; text-align: center; position:relative; font-size:1.5em; margin:25px 0 10px;}    \nsection .contenido_leyes h3:after {content:\"\"; width:200%; height: 3px; background:#666 none repeat scroll 0 0; position:absolute; left: 0px; bottom: -2px;}\nsection .contenido_leyes h4 {font-family: inherit; font-style:normal; color:#111; margin: 20px 0 5px 20px ;}\nsection .contenido_leyes h4:before {content:\"\\f24e\"; font-family:\"Font Awesome 5 free\"; font-size: 0.8em; font-style:normal; margin-right: 10px; color: #111;}\nsection .contenido_leyes li {list-style:none; margin-left: 35px; padding: 3px;}\nsection .contenido_leyes li:before {content: \"\\f1c1\"; font-family: \"Font Awesome 5 free\"; color:#b12424; margin-right: 10px; font-weight: 900; font-size:1.8em;}\nsection .contenido_leyes li:hover {background:#aef9e4; padding:3px 15px;}\nsection .contenido_leyes li {\n-webkit-transition: background 1s, padding 2s;  \/* Safari prior 6.1 *\/\n  transition: background 1s padding 2s;}\n \n<\/style>\t\t\t\t<\/div>\n\t\t\t\t<\/div>\n\t\t\t\t\t<\/div>\n\t\t<\/div>\n\t\t\t\t\t<\/div>\n\t\t<\/section>\n\t\t\t\t<section class=\"elementor-section elementor-top-section elementor-element elementor-element-01743d3 elementor-section-boxed elementor-section-height-default elementor-section-height-default\" data-id=\"01743d3\" data-element_type=\"section\">\n\t\t\t\t\t\t<div class=\"elementor-container elementor-column-gap-default\">\n\t\t\t\t\t<div class=\"elementor-column elementor-col-100 elementor-top-column elementor-element elementor-element-7f0d9b9\" data-id=\"7f0d9b9\" data-element_type=\"column\">\n\t\t\t<div class=\"elementor-widget-wrap elementor-element-populated\">\n\t\t\t\t\t\t<div class=\"elementor-element elementor-element-e429339 elementor-widget elementor-widget-html\" data-id=\"e429339\" data-element_type=\"widget\" data-widget_type=\"html.default\">\n\t\t\t\t<div class=\"elementor-widget-container\">\n\t\t\t\t\t<style>\nsection .contenido_leyes h3 {background-color:#666; color:#fff; width:300px; padding:6px; text-align: center; position:relative; font-size:1.5em; margin:25px 0 10px;}    \nsection .contenido_leyes h3:after {content:\"\"; width:200%; height: 3px; background:#666 none repeat scroll 0 0; position:absolute; left: 0px; bottom: -2px;}\nsection .contenido_leyes h4 {font-family: inherit; font-style:normal; color:#111; margin: 20px 0 5px 20px ;}\nsection .contenido_leyes h4:before {content:\"\\f24e\"; font-family:\"Font Awesome 5 free\"; font-size: 0.8em; font-style:normal; margin-right: 10px; color: #111;}\nsection .contenido_leyes li {list-style:none; margin-left: 35px; padding: 3px;}\nsection .contenido_leyes li:before {content: \"\\f1c1\"; font-family: \"Font Awesome 5 free\"; color:#b12424; margin-right: 10px; font-weight: 900; font-size:1.8em;}\nsection .contenido_leyes li:hover {background:#aef9e4; padding:3px 15px;}\nsection .contenido_leyes li {\n-webkit-transition: background 1s, padding 2s;  \/* Safari prior 6.1 *\/\n  transition: background 1s padding 2s;}\n \n<\/style>\t\t\t\t<\/div>\n\t\t\t\t<\/div>\n\t\t\t\t\t<\/div>\n\t\t<\/div>\n\t\t\t\t\t<\/div>\n\t\t<\/section>\n\t\t\t\t<section class=\"elementor-section elementor-top-section elementor-element elementor-element-5450392 elementor-section-boxed elementor-section-height-default elementor-section-height-default\" data-id=\"5450392\" data-element_type=\"section\">\n\t\t\t\t\t\t<div class=\"elementor-container elementor-column-gap-default\">\n\t\t\t\t\t<div class=\"elementor-column elementor-col-100 elementor-top-column elementor-element elementor-element-fb21609\" data-id=\"fb21609\" data-element_type=\"column\">\n\t\t\t<div class=\"elementor-widget-wrap elementor-element-populated\">\n\t\t\t\t\t\t<div class=\"elementor-element elementor-element-1aa5651 elementor-widget elementor-widget-html\" data-id=\"1aa5651\" data-element_type=\"widget\" data-widget_type=\"html.default\">\n\t\t\t\t<div class=\"elementor-widget-container\">\n\t\t\t\t\t<style>\nsection .contenido_leyes h3 {background-color:#666; color:#fff; width:300px; padding:6px; text-align: center; position:relative; font-size:1.5em; margin:25px 0 10px;}    \nsection .contenido_leyes h3:after {content:\"\"; width:200%; height: 3px; background:#666 none repeat scroll 0 0; position:absolute; left: 0px; bottom: -2px;}\nsection .contenido_leyes h4 {font-family: inherit; font-style:normal; color:#111; margin: 20px 0 5px 20px ;}\nsection .contenido_leyes h4:before {content:\"\\f24e\"; font-family:\"Font Awesome 5 free\"; font-size: 0.8em; font-style:normal; margin-right: 10px; color: #111;}\nsection .contenido_leyes li {list-style:none; margin-left: 35px; padding: 3px;}\nsection .contenido_leyes li:before {content: \"\\f1c1\"; font-family: \"Font Awesome 5 free\"; color:#b12424; margin-right: 10px; font-weight: 900; font-size:1.8em;}\nsection .contenido_leyes li:hover {background:#aef9e4; padding:3px 15px;}\nsection .contenido_leyes li {\n-webkit-transition: background 1s, padding 2s;  \/* Safari prior 6.1 *\/\n  transition: background 1s padding 2s;}\n \n<\/style>\t\t\t\t<\/div>\n\t\t\t\t<\/div>\n\t\t\t\t\t<\/div>\n\t\t<\/div>\n\t\t\t\t\t<\/div>\n\t\t<\/section>\n\t\t\t\t<section class=\"elementor-section elementor-top-section elementor-element elementor-element-4116f67 elementor-section-boxed elementor-section-height-default elementor-section-height-default\" data-id=\"4116f67\" data-element_type=\"section\">\n\t\t\t\t\t\t<div class=\"elementor-container elementor-column-gap-default\">\n\t\t\t\t\t<div class=\"elementor-column elementor-col-100 elementor-top-column elementor-element elementor-element-7b0e0be\" data-id=\"7b0e0be\" data-element_type=\"column\">\n\t\t\t<div class=\"elementor-widget-wrap elementor-element-populated\">\n\t\t\t\t\t\t<div class=\"elementor-element elementor-element-6eaa1b4 elementor-widget elementor-widget-html\" data-id=\"6eaa1b4\" data-element_type=\"widget\" data-widget_type=\"html.default\">\n\t\t\t\t<div class=\"elementor-widget-container\">\n\t\t\t\t\t<style>\nsection .contenido_leyes h3 {background-color:#666; color:#fff; width:300px; padding:6px; text-align: center; position:relative; font-size:1.5em; margin:25px 0 10px;}    \nsection .contenido_leyes h3:after {content:\"\"; width:200%; height: 3px; background:#666 none repeat scroll 0 0; position:absolute; left: 0px; bottom: -2px;}\nsection .contenido_leyes h4 {font-family: inherit; font-style:normal; color:#111; margin: 20px 0 5px 20px ;}\nsection .contenido_leyes h4:before {content:\"\\f24e\"; font-family:\"Font Awesome 5 free\"; font-size: 0.8em; font-style:normal; margin-right: 10px; color: #111;}\nsection .contenido_leyes li {list-style:none; margin-left: 35px; padding: 3px;}\nsection .contenido_leyes li:before {content: \"\\f1c1\"; font-family: \"Font Awesome 5 free\"; color:#b12424; margin-right: 10px; font-weight: 900; font-size:1.8em;}\nsection .contenido_leyes li:hover {background:#aef9e4; padding:3px 15px;}\nsection .contenido_leyes li {\n-webkit-transition: background 1s, padding 2s;  \/* Safari prior 6.1 *\/\n  transition: background 1s padding 2s;}\n \n<\/style>\t\t\t\t<\/div>\n\t\t\t\t<\/div>\n\t\t\t\t\t<\/div>\n\t\t<\/div>\n\t\t\t\t\t<\/div>\n\t\t<\/section>\n\t\t\t\t<section class=\"elementor-section elementor-top-section elementor-element elementor-element-537b2d6 elementor-section-boxed elementor-section-height-default elementor-section-height-default\" data-id=\"537b2d6\" data-element_type=\"section\">\n\t\t\t\t\t\t<div class=\"elementor-container elementor-column-gap-default\">\n\t\t\t\t\t<div class=\"elementor-column elementor-col-100 elementor-top-column elementor-element elementor-element-b18c140\" data-id=\"b18c140\" data-element_type=\"column\">\n\t\t\t<div class=\"elementor-widget-wrap elementor-element-populated\">\n\t\t\t\t\t\t<div class=\"elementor-element elementor-element-24b6886 elementor-widget elementor-widget-html\" data-id=\"24b6886\" data-element_type=\"widget\" data-widget_type=\"html.default\">\n\t\t\t\t<div class=\"elementor-widget-container\">\n\t\t\t\t\t<style>\nsection .contenido_leyes h3 {background-color:#666; color:#fff; width:300px; padding:6px; text-align: center; position:relative; font-size:1.5em; margin:25px 0 10px;}    \nsection .contenido_leyes h3:after {content:\"\"; width:200%; height: 3px; background:#666 none repeat scroll 0 0; position:absolute; left: 0px; bottom: -2px;}\nsection .contenido_leyes h4 {font-family: inherit; font-style:normal; color:#111; margin: 20px 0 5px 20px ;}\nsection .contenido_leyes h4:before {content:\"\\f24e\"; font-family:\"Font Awesome 5 free\"; font-size: 0.8em; font-style:normal; margin-right: 10px; color: #111;}\nsection .contenido_leyes li {list-style:none; margin-left: 35px; padding: 3px;}\nsection .contenido_leyes li:before {content: \"\\f1c1\"; font-family: \"Font Awesome 5 free\"; color:#b12424; margin-right: 10px; font-weight: 900; font-size:1.8em;}\nsection .contenido_leyes li:hover {background:#aef9e4; padding:3px 15px;}\nsection .contenido_leyes li {\n-webkit-transition: background 1s, padding 2s;  \/* Safari prior 6.1 *\/\n  transition: background 1s padding 2s;}\n \n<\/style>\t\t\t\t<\/div>\n\t\t\t\t<\/div>\n\t\t\t\t\t<\/div>\n\t\t<\/div>\n\t\t\t\t\t<\/div>\n\t\t<\/section>\n\t\t\t\t<section class=\"elementor-section elementor-top-section elementor-element elementor-element-7ec38fb elementor-section-boxed elementor-section-height-default elementor-section-height-default\" data-id=\"7ec38fb\" data-element_type=\"section\">\n\t\t\t\t\t\t<div class=\"elementor-container elementor-column-gap-default\">\n\t\t\t\t\t<div class=\"elementor-column elementor-col-100 elementor-top-column elementor-element elementor-element-56f8d32\" data-id=\"56f8d32\" data-element_type=\"column\">\n\t\t\t<div class=\"elementor-widget-wrap elementor-element-populated\">\n\t\t\t\t\t\t<div class=\"elementor-element elementor-element-21ead5e elementor-widget elementor-widget-heading\" data-id=\"21ead5e\" data-element_type=\"widget\" data-widget_type=\"heading.default\">\n\t\t\t\t<div class=\"elementor-widget-container\">\n\t\t\t\t\t<h2 class=\"elementor-heading-title elementor-size-default\">Marco Normativo<\/h2>\t\t\t\t<\/div>\n\t\t\t\t<\/div>\n\t\t\t\t\t<\/div>\n\t\t<\/div>\n\t\t\t\t\t<\/div>\n\t\t<\/section>\n\t\t\t\t<section class=\"elementor-section elementor-top-section elementor-element elementor-element-73d8ff28 elementor-section-boxed elementor-section-height-default elementor-section-height-default\" data-id=\"73d8ff28\" data-element_type=\"section\" data-settings=\"{&quot;background_background&quot;:&quot;classic&quot;}\">\n\t\t\t\t\t\t<div class=\"elementor-container elementor-column-gap-default\">\n\t\t\t\t\t<div class=\"elementor-column elementor-col-100 elementor-top-column elementor-element elementor-element-2d974ec6\" data-id=\"2d974ec6\" data-element_type=\"column\">\n\t\t\t<div class=\"elementor-widget-wrap elementor-element-populated\">\n\t\t\t\t\t\t<div class=\"elementor-element elementor-element-60c238ed contenido_leyes elementor-widget elementor-widget-text-editor\" data-id=\"60c238ed\" data-element_type=\"widget\" data-widget_type=\"text-editor.default\">\n\t\t\t\t<div class=\"elementor-widget-container\">\n\t\t\t\t\t\t\t\t\t<h3>Tratados Internacionales<\/h3><ul><li><a href=\"http:\/\/www.ordenjuridico.gob.mx\/TratInt\/Derechos%20Humanos\/D47.pdf\">Pacto Internacional de Derechos Civiles y Pol\u00edticos<\/a><\/li><li><a href=\"https:\/\/www.cndh.org.mx\/sites\/default\/files\/doc\/Programas\/TrataPersonas\/MarcoNormativoTrata\/InsInternacionales\/Regionales\/Convencion_ADH.pdf\">Convenci\u00f3n Americana sobre Derechos Humanos<\/a><\/li><li><a href=\"https:\/\/www.cndh.org.mx\/sites\/all\/doc\/cartillas\/7_Cartilla_PIDESCyPF.pdf\">Pacto Internacional de Derechos Econ\u00f3micos, Sociales y Culturales<\/a><\/li><li><a href=\"https:\/\/www.ilo.org\/wcmsp5\/groups\/public\/---americas\/---ro-lima\/documents\/publication\/wcms_345065.pdf\">Convenio 169 Sobre Pueblos Ind\u00edgenas y Tribales en Pa\u00edses Independientes, adoptado en la Ciudad de Ginebra, Suiza, el 27 de junio De 1989<\/a><\/li><li><a href=\"https:\/\/www.inali.gob.mx\/pdf\/Convencion_eliminacion_discriminacion.pdf\">Convenio Internacional sobre la Eliminaci\u00f3n de todas las formas de Discriminaci\u00f3n Racial<\/a><\/li><\/ul><h3>Legislaci\u00f3n Nacional<\/h3><h4>Constituci\u00f3n Pol\u00edtica<\/h4><ul><li><a href=\"https:\/\/www.diputados.gob.mx\/LeyesBiblio\/pdf\/CPEUM.pdf\" target=\"_blank\" rel=\"noopener\">Constituci\u00f3n Pol\u00edtica de los Estados Unidos Mexicanos<\/a><\/li><\/ul><h4>Leyes Generales<\/h4><ul><li><a href=\"https:\/\/www.diputados.gob.mx\/LeyesBiblio\/pdf\/LGIPE.pdf\" target=\"_blank\" rel=\"noopener\">Ley General de Instituciones y Procedimientos Electorales<\/a><\/li><li><a href=\"https:\/\/www.diputados.gob.mx\/LeyesBiblio\/pdf\/LGSMIME.pdf\" target=\"_blank\" rel=\"noopener\">Ley General del Sistema de Medios de Impugnaci\u00f3n en Materia Electoral<\/a><\/li><li><a href=\"https:\/\/www.diputados.gob.mx\/LeyesBiblio\/pdf\/LGCG.pdf\" target=\"_blank\" rel=\"noopener\">Ley General de Contabilidad Gubernamental<\/a><\/li><li><a href=\"http:\/\/www.diputados.gob.mx\/LeyesBiblio\/pdf\/LGTAIP.pdf\" target=\"_blank\" rel=\"noopener\">Ley General de Transparencia y Acceso a la Informaci\u00f3n P\u00fablica<\/a><\/li><li><a href=\"https:\/\/www.diputados.gob.mx\/LeyesBiblio\/pdf\/LGPP.pdf\" target=\"_blank\" rel=\"noopener\">Ley General de Partidos Pol\u00edticos<\/a><\/li><li><a href=\"https:\/\/www.diputados.gob.mx\/LeyesBiblio\/pdf\/LGMDE_200521.pdf\" target=\"_blank\" rel=\"noopener\">Ley General en Materia de Delitos Electorales<\/a><\/li><\/ul><h4>Leyes y c\u00f3digos Federales<\/h4><ul><li><a href=\"https:\/\/www.diputados.gob.mx\/LeyesBiblio\/pdf\/LPlan.pdf\">Ley de Planeaci\u00f3n<\/a><\/li><li><a href=\"https:\/\/www.diputados.gob.mx\/LeyesBiblio\/pdf\/LFPRH.pdf\">Ley Federal de Presupuesto y Responsabilidad Hacendaria<\/a><\/li><li><a href=\"https:\/\/www.diputados.gob.mx\/LeyesBiblio\/pdf\/LGCG.pdf\">Ley General de Contabilidad Gubernamental<\/a><\/li><li><a href=\"https:\/\/www.diputados.gob.mx\/LeyesBiblio\/pdf\/LFCPo_190521.pdf\" target=\"_blank\" rel=\"noopener\">Ley Federal de Consulta Popular<\/a><\/li><li><a href=\"https:\/\/www.diputados.gob.mx\/LeyesBiblio\/pdf\/CFF.pdf\" target=\"_blank\" rel=\"noopener\">C\u00f3digo Fiscal de la Federaci\u00f3n<\/a><\/li><\/ul><h3>Legislaci\u00f3n Local<\/h3><h4>Constituci\u00f3n Pol\u00edtica<\/h4><ul><li><a href=\"https:\/\/congresogro.gob.mx\/legislacion\/CONSTITUCION-GUERRERO-15-06-2022.pdf\">Constituci\u00f3n Pol\u00edtica del Estado Libre y Soberano de Guerrero<\/a><\/li><\/ul><h4>Leyes, reglamentos y decretos<\/h4><ul><li><a href=\"https:\/\/www.guerrero.gob.mx\/wp-content\/uploads\/2022\/02\/LEY-NUMERO-994-DE-PLANEACION-DEL-ESTADO-LIBRE-Y-SOBERANO-DE-GUERRERO-1.pdf\">Ley 994 de Planeaci\u00f3n del Estado Libre y Soberano de Guerrero<\/a><\/li><li><a href=\"https:\/\/congresogro.gob.mx\/legislacion\/ordinarias\/ARCHI\/LEY-DE-PRESUPUESTO-Y-DISCIPLINA-FISCAL-DEL-ESTADO-DE-GUERRERO-454-2021-03-10.pdf\">Ley 454 de Presupuesto y Disciplina Fiscal del Estado de Guerrero<\/a><\/li><li><a href=\"http:\/\/i.guerrero.gob.mx\/uploads\/2017\/06\/L456SMIMPUGMELEC17-1.pdf\" target=\"_blank\" rel=\"noopener\">Ley N\u00famero 456 del Sistema de Medios de Impugnaci\u00f3n en Materia Electoral del Estado de Guerrero<\/a><\/li><li><a href=\"https:\/\/congresogro.gob.mx\/legislacion\/ordinarias\/ARCHI\/ley-de-instituciones-y-procedimientos-electorales-del-estado-de-guerrero-483-2023-06-28.pdf\" target=\"_blank\" rel=\"noopener\">Ley n\u00famero 483 de Instituciones y Procedimientos Electorales del Estado de Guerrero<\/a><\/li><li><a href=\"http:\/\/i.guerrero.gob.mx\/uploads\/2017\/06\/LORGTELEDOG457-1.pdf\" target=\"_blank\" rel=\"noopener\">Ley Org\u00e1nica del Tribunal Electoral del Estado de Guerrero n\u00famero 457<\/a><\/li><li><a href=\"http:\/\/i.guerrero.gob.mx\/uploads\/2016\/05\/L207TYAINFPUB-2.pdf\" target=\"_blank\" rel=\"noopener\">Ley n\u00famero 207 de Transparencia y Acceso a la Informaci\u00f3n P\u00fablica del Estado de Guerrero<\/a><\/li><li><a href=\"http:\/\/i.guerrero.gob.mx\/uploads\/2017\/10\/LN468FISCSYRECG.pdf\" target=\"_blank\" rel=\"noopener\">Ley N\u00famero 468 de Fiscalizaci\u00f3n Superior y Rendici\u00f3n de Cuentas del Estado de Guerrero<\/a><\/li><li><a href=\"http:\/\/i.guerrero.gob.mx\/uploads\/2017\/01\/L419HEG17-2.pdf\" target=\"_blank\" rel=\"noopener\">Ley N\u00famero 419 de Hacienda del Estado de Guerrero<\/a><\/li><li><a href=\"http:\/\/i.guerrero.gob.mx\/uploads\/2015\/04\/L695RESERPUBEYMG-1.pdf\" target=\"_blank\" rel=\"noopener\">Ley n\u00famero 695 de Responsabilidades de los Servidores P\u00fablicos del Estado y de los Municipios de Guerrero<\/a><\/li><li><a href=\"http:\/\/i.guerrero.gob.mx\/uploads\/2017\/02\/LORGFISGRALE500.pdf\" target=\"_blank\" rel=\"noopener\">\u00a0Ley Org\u00e1nica de la Fiscal\u00eda General del Estado de Guerrero n\u00famero 500<\/a><\/li><li><a href=\"http:\/\/periodicooficial.guerrero.gob.mx\/wp-content\/uploads\/2017\/10\/PERIODICO-79.pdf\" target=\"_blank\" rel=\"noopener\">Reglamento Interior del Tribunal Electoral del Estado de Guerrero<\/a><\/li><li><a href=\"https:\/\/teegro.gob.mx\/sitio2023\/wp-content\/uploads\/2025\/06\/Reglamento-auditorio-TEEG.pdf\">Reglamento para el uso del Auditorio del Tribunal Electoral del Estado de Guerrero<\/a><\/li><li><a href=\"http:\/\/i.guerrero.gob.mx\/uploads\/2016\/04\/17-Ene-1992-I-1.pdf\" target=\"_blank\" rel=\"noopener\">Decreto n\u00famero 227 de Reformas y Adiciones a la Constituci\u00f3n Pol\u00edtica del Estado Libre y Soberano de Guerrero<\/a><\/li><li><a href=\"https:\/\/teegro.gob.mx\/sitio2023\/wp-content\/uploads\/2025\/05\/Reglamento-Adquisiciones.pdf\">Reglamento de Adquisiciones, Arrendamientos, Servicios, Control y Disposici\u00f3n Final del Bienes del Tribunal Electoral del Estado de Guerrero<\/a><\/li><\/ul><p><!-- [accordion title=\"Compilaci\u00f3n Legislativa Electoral del TEEG\" ]\n<table class=\"sentencias wow animated fadeIn\" style=\"color: #555;\" width=\"100%\">\n<tbody>\n<tr class=\"par hvr-float-shadow\">\n<td style=\"width: 10%;\"><a class=\"wow animated zoomIn\" href=\"http:\/\/teegro.gob.mx\/transparencia\/legal\/compilacion.pdf\" target=\"_blank\" rel=\"noopener noreferrer\"><img decoding=\"async\" class=\"alignnone wp-image-88\" src=\"http:\/\/teegro.gob.mx\/inicio\/wp-content\/uploads\/2016\/03\/pdf-1024x1024.png\" alt=\"pdf\" width=\"24\" height=\"24\" srcset=\"https:\/\/teegro.gob.mx\/sitio2025\/wp-content\/uploads\/2016\/03\/pdf-1024x1024.png 1024w, https:\/\/teegro.gob.mx\/sitio2025\/wp-content\/uploads\/2016\/03\/pdf-150x150.png 150w, https:\/\/teegro.gob.mx\/sitio2025\/wp-content\/uploads\/2016\/03\/pdf-300x300.png 300w, https:\/\/teegro.gob.mx\/sitio2025\/wp-content\/uploads\/2016\/03\/pdf-768x768.png 768w, https:\/\/teegro.gob.mx\/sitio2025\/wp-content\/uploads\/2016\/03\/pdf.png 2000w\" sizes=\"(max-width: 24px) 100vw, 24px\" \/><\/a><\/td>\n<td style=\"width: 90%; text-align: left;\"><a href=\"http:\/\/teegro.gob.mx\/transparencia\/legal\/compilacion.pdf\" target=\"_blank\" rel=\"noopener noreferrer\"><span style=\"color: #222222;\">Compilaci\u00f3n Legislativa Electoral del TEEG<\/span><\/a><\/td>\n<\/tr>\n<\/tbody>\n<\/table>\n[\/accordion]--><\/p><h3>Documentos normativos<\/h3><h4>Acuerdos<\/h4><ul><li><a href=\"http:\/\/periodicooficial.guerrero.gob.mx\/wp-content\/uploads\/2019\/07\/PERIODICO-OFICIAL-53.pdf\" target=\"_blank\" rel=\"noopener\">Acuerdo 15: TEEGRO-PLE-21-05\/2019 Por el que se aprueban los \u201cLineamientos para la recepci\u00f3n de documentaci\u00f3n en la Oficial\u00eda de Partes\u201d<\/a><\/li><\/ul><h4>Manuales y lineamientos<\/h4><ul><li><a href=\"https:\/\/teegro.gob.mx\/sitio2023\/wp-content\/uploads\/2024\/01\/manual1.pdf\" target=\"_blank\" rel=\"noopener\">Manuales de Procedimientos de la Secretar\u00eda General de Acuerdos<\/a><\/li><li><a href=\"https:\/\/teegro.gob.mx\/sitio2023\/wp-content\/uploads\/2024\/01\/actuarios.pdf\">Manual para la Funci\u00f3n de Actuarios del Tribunal Electoral del Estado de Guerrero<\/a><\/li><li><a href=\"http:\/\/teegro.gob.mx\/inicio\/wp-content\/uploads\/2018\/07\/lineamientos-transparencia.pdf\" target=\"_blank\" rel=\"noopener\">Lineamientos de la Unidad de Transparencia del Tribunal Electoral en materia de Transparencia y Acceso a la Informaci\u00f3n P\u00fablica<\/a><\/li><li><a href=\"https:\/\/teegro.gob.mx\/sitio2023\/wp-content\/uploads\/2024\/05\/Manual-de-contabilidad-TEEGRO.pdf\">Manual de contabilidad del Tribunal Electoral del Estado de Guerrero<\/a><\/li><\/ul><h4>Convenios de colaboraci\u00f3n<\/h4><ul><li><a href=\"http:\/\/teegro.gob.mx\/inicio\/wp-content\/uploads\/2016\/08\/Conv-Tribunal-IEPC-Escaneado.pdf\" target=\"_blank\" rel=\"noopener\">Convenio de Colaboraci\u00f3n con el Instituto electoral y de Participaci\u00f3n ciudadana del Estado de guerrero<\/a><\/li><li><a href=\"http:\/\/teegro.gob.mx\/inicio\/wp-content\/uploads\/2019\/08\/Convenio-TEEGro-ITAIGro.pdf\" target=\"_blank\" rel=\"noopener\">Convenio de Colaboraci\u00f3n con el Instituto de Transparencia, Acceso a la Informaci\u00f3n P\u00fablica y Protecci\u00f3n de Datos Personales del estado de Guerrero<\/a><\/li><li><a href=\"http:\/\/teegro.gob.mx\/inicio\/wp-content\/uploads\/2016\/08\/Conv-Tribunal-Asuntos-Indigenas.pdf\" target=\"_blank\" rel=\"noopener\">Convenio de Colaboraci\u00f3n con la Secretaria de Asuntos Ind\u00edgenas del Estado de Guerrero<\/a><\/li><li><a href=\"http:\/\/teegro.gob.mx\/inicio\/wp-content\/uploads\/2019\/07\/Convenio-TECDMX.pdf\" target=\"_blank\" rel=\"noopener\">Convenio de Colaboraci\u00f3n con el Tribunal Electoral del Ciudad de M\u00e9xico<\/a><\/li><\/ul>\t\t\t\t\t\t\t\t<\/div>\n\t\t\t\t<\/div>\n\t\t\t\t\t<\/div>\n\t\t<\/div>\n\t\t\t\t\t<\/div>\n\t\t<\/section>\n\t\t\t\t<\/div>\n\t\t","protected":false},"excerpt":{"rendered":"<p>Marco Normativo Tratados Internacionales Pacto Internacional de Derechos Civiles y Pol\u00edticos Convenci\u00f3n Americana sobre Derechos Humanos Pacto Internacional de Derechos Econ\u00f3micos, Sociales y Culturales Convenio 169 Sobre Pueblos Ind\u00edgenas y Tribales en Pa\u00edses Independientes, adoptado en la Ciudad de Ginebra, Suiza, el 27 de junio De 1989 Convenio Internacional sobre la Eliminaci\u00f3n de todas las [&hellip;]<\/p>\n","protected":false},"author":1,"featured_media":0,"parent":1806,"menu_order":0,"comment_status":"closed","ping_status":"closed","template":"elementor_header_footer","meta":{"_acf_changed":false,"footnotes":""},"class_list":["post-1537","page","type-page","status-publish","hentry"],"acf":[],"_links":{"self":[{"href":"https:\/\/teegro.gob.mx\/sitio2025\/wp-json\/wp\/v2\/pages\/1537","targetHints":{"allow":["GET"]}}],"collection":[{"href":"https:\/\/teegro.gob.mx\/sitio2025\/wp-json\/wp\/v2\/pages"}],"about":[{"href":"https:\/\/teegro.gob.mx\/sitio2025\/wp-json\/wp\/v2\/types\/page"}],"author":[{"embeddable":true,"href":"https:\/\/teegro.gob.mx\/sitio2025\/wp-json\/wp\/v2\/users\/1"}],"replies":[{"embeddable":true,"href":"https:\/\/teegro.gob.mx\/sitio2025\/wp-json\/wp\/v2\/comments?post=1537"}],"version-history":[{"count":113,"href":"https:\/\/teegro.gob.mx\/sitio2025\/wp-json\/wp\/v2\/pages\/1537\/revisions"}],"predecessor-version":[{"id":18973,"href":"https:\/\/teegro.gob.mx\/sitio2025\/wp-json\/wp\/v2\/pages\/1537\/revisions\/18973"}],"up":[{"embeddable":true,"href":"https:\/\/teegro.gob.mx\/sitio2025\/wp-json\/wp\/v2\/pages\/1806"}],"wp:attachment":[{"href":"https:\/\/teegro.gob.mx\/sitio2025\/wp-json\/wp\/v2\/media?parent=1537"}],"curies":[{"name":"wp","href":"https:\/\/api.w.org\/{rel}","templated":true}]}}