{"id":1812,"date":"2016-04-07T11:51:51","date_gmt":"2016-04-07T16:51:51","guid":{"rendered":"http:\/\/teegro.gob.mx\/inicio\/?page_id=1812"},"modified":"2023-11-18T16:47:05","modified_gmt":"2023-11-18T22:47:05","slug":"servicios-al-publico","status":"publish","type":"page","link":"https:\/\/teegro.gob.mx\/sitio2025\/transparencia-2\/servicios-al-publico\/","title":{"rendered":"Servicios al p\u00fablico"},"content":{"rendered":"<p><!-- VideographyWP Plugin Message: Automatic video embedding prevented by plugin options. --><\/p>\n<hr>\n<p><img decoding=\"async\" src=\"http:\/\/teegro.gob.mx\/inicio\/wp-content\/uploads\/2016\/04\/icono-biblioteca.png\" alt=\"icono-biblioteca\" width=\"51\" height=\"51\"><br \/>\n<a href=\"http:\/\/teegro.gob.mx\/sitio2023\/transparencia-2\/servicios-al-publico\/biblioteca\/\">Biblioteca<\/a><\/p>\n<p><!--\n\n<a href=\"#\"><img decoding=\"async\" src=\"http:\/\/teegro.gob.mx\/inicio\/wp-content\/uploads\/2016\/04\/icono_derecho_sociales.png\" alt=\"icono_derecho_sociales\" width=\"52\" height=\"51\" \/>\nAuditorio<\/a>\n\n--><br \/>\n<!--\n\n\n<h3>Servicios de Biblioteca<\/h3>\n\n\n<strong>Descripci\u00f3n del servicio<\/strong>\n\nEl Tribunal Electoral cuenta con la Biblioteca \u201cIgnacio Manuel Altamirano\u201d, ubicada en las instalaciones de \u00e9ste \u00f3rgano electoral, en la que previo registro, se puede solicitar el acervo disponible. De igual manera, de forma electr\u00f3nica se puede consultar el acervo bibliogr\u00e1fico con que se cuenta y acudir a la biblioteca mencionada para la consulta del material de su inter\u00e9s.\n\n<strong>Fundamento<\/strong>\n\nArt\u00edculo 29. Reglamento Interno del TEEG. El Secretario de Capacitaci\u00f3n, Investigaci\u00f3n y Difusi\u00f3n Electoral, adem\u00e1s de las atribuciones que le confiere el art\u00edculo 31 de la Ley Org\u00e1nica del Tribunal Electoral. Tendr\u00e1 las siguientes:\n\n\u2026\n\nV. Ofrecer al p\u00fablico en general, un servicio actualizado de consulta en materia jur\u00eddico y pol\u00edtico-electoral;\n\n\u2026\n\n<strong>Horario<\/strong>\n\nA trav\u00e9s del Portal de Internet de este \u00f3rgano jurisdiccional: http:\/\/www.teegro.gob.mx \/transparencia \/Servicios\/biblioteca1.pdf en la secci\u00f3n de \u201cTransparencia\u201d en el apartado de \u201cServicios al P\u00fablico\u201d De lunes a viernes de 09:00 a 16:00 hrs.\n\n<strong>\u00c1rea Responsable<\/strong>\n\nSecretar\u00eda de Capacitaci\u00f3n, Investigaci\u00f3n y Difusi\u00f3n Electoral.\n\n--><\/p>\n","protected":false},"excerpt":{"rendered":"<p>Biblioteca<\/p>\n","protected":false},"author":1,"featured_media":0,"parent":1508,"menu_order":0,"comment_status":"closed","ping_status":"closed","template":"","meta":{"_acf_changed":false,"footnotes":""},"class_list":["post-1812","page","type-page","status-publish","hentry"],"acf":[],"_links":{"self":[{"href":"https:\/\/teegro.gob.mx\/sitio2025\/wp-json\/wp\/v2\/pages\/1812","targetHints":{"allow":["GET"]}}],"collection":[{"href":"https:\/\/teegro.gob.mx\/sitio2025\/wp-json\/wp\/v2\/pages"}],"about":[{"href":"https:\/\/teegro.gob.mx\/sitio2025\/wp-json\/wp\/v2\/types\/page"}],"author":[{"embeddable":true,"href":"https:\/\/teegro.gob.mx\/sitio2025\/wp-json\/wp\/v2\/users\/1"}],"replies":[{"embeddable":true,"href":"https:\/\/teegro.gob.mx\/sitio2025\/wp-json\/wp\/v2\/comments?post=1812"}],"version-history":[{"count":5,"href":"https:\/\/teegro.gob.mx\/sitio2025\/wp-json\/wp\/v2\/pages\/1812\/revisions"}],"predecessor-version":[{"id":11899,"href":"https:\/\/teegro.gob.mx\/sitio2025\/wp-json\/wp\/v2\/pages\/1812\/revisions\/11899"}],"up":[{"embeddable":true,"href":"https:\/\/teegro.gob.mx\/sitio2025\/wp-json\/wp\/v2\/pages\/1508"}],"wp:attachment":[{"href":"https:\/\/teegro.gob.mx\/sitio2025\/wp-json\/wp\/v2\/media?parent=1812"}],"curies":[{"name":"wp","href":"https:\/\/api.w.org\/{rel}","templated":true}]}}