{"id":2457,"date":"2016-04-18T11:46:17","date_gmt":"2016-04-18T16:46:17","guid":{"rendered":"http:\/\/teegro.gob.mx\/inicio\/?page_id=2457"},"modified":"2023-12-04T09:40:03","modified_gmt":"2023-12-04T15:40:03","slug":"introduccion","status":"publish","type":"page","link":"https:\/\/teegro.gob.mx\/sitio2025\/investigacion-y-difusion-electoral\/estudio-comparativo\/introduccion\/","title":{"rendered":"Introducci\u00f3n"},"content":{"rendered":"<p><!-- VideographyWP Plugin Message: Automatic video embedding prevented by plugin options. --><\/p>\n<hr \/>\n<h3 style=\"text-align: center;\"><span style=\"color: #ffffff;\">COMPILACI\u00d3N ELECTORAL<\/span><\/h3>\n<p style=\"text-align: justify; font-size: 14pt;\">INTRODUCCI\u00d3N.<\/p>\n<p style=\"text-align: justify;\">El Art\u00edculo 4 de la Ley Org\u00e1nica del Tribunal Electoral del Estado de Guerrero n\u00famero 145, establece que deber\u00e1 desarrollar tareas de formaci\u00f3n, investigaci\u00f3n, capacitaci\u00f3n y difusi\u00f3n en la materia.<\/p>\n<p style=\"text-align: justify;\">Para cumplir con este cometido, uno de los objetivos que incluye el Programa Operativo Anual 2016, incluye la compilaci\u00f3n de las leyes electorales de las entidades federativas del Pa\u00eds; concretamente las Leyes del Sistema de Medios de Impugnaci\u00f3n en Materia Electoral y las Leyes Org\u00e1nicas de las Salas y Tribunales Electorales, a fin de que acad\u00e9micos, funcionarios electorales, funcionario partidistas, estudiantes y cualquier persona interesada en el tema, pueda tener acceso a tan importante informaci\u00f3n.<\/p>\n<p style=\"text-align: justify;\">Las compilaciones que se mencionan se han elaborado, gracias a la colaboraci\u00f3n y participaci\u00f3n de los CC. Licenciados Francisco Guzm\u00e1n D\u00edaz, Manuel Alejandro Arroyo Gonz\u00e1lez, Elionei Nelxon Baranda Altamirano, Maribel N\u00fa\u00f1ez Rend\u00f3n, Jos\u00e9 Luis Contreras Barrera, Ernesto Bacho Garz\u00f3n, Esteban Aponte Carranza, Florencio Cerros Gaspar, Alberto Antonio Guerrero Polito y Jorge Luis Parra Flores, todos servidores p\u00fablicos de este Tribunal.<\/p>\n<p style=\"text-align: justify;\">Esperando que el material que hoy se pone a su disposici\u00f3n, sirva para incrementar el inter\u00e9s y estudio en el ramo electoral.<\/p>\n<p style=\"text-align: right;\"><strong style=\"font-size: 12pt;\">HILDA ROSA DELGADO BRITO<\/strong><br \/>\nMagistrada Presidente del Tribunal Electoral<br \/>\ndel Estado de Guerrero.<\/p>\n","protected":false},"excerpt":{"rendered":"<p>COMPILACI\u00d3N ELECTORAL INTRODUCCI\u00d3N. El Art\u00edculo 4 de la Ley Org\u00e1nica del Tribunal Electoral del Estado de Guerrero n\u00famero 145, establece que deber\u00e1 desarrollar tareas de formaci\u00f3n, investigaci\u00f3n, capacitaci\u00f3n y difusi\u00f3n en la materia. Para cumplir con este cometido, uno de los objetivos que incluye el Programa Operativo Anual 2016, incluye la compilaci\u00f3n de las leyes [&hellip;]<\/p>\n","protected":false},"author":1,"featured_media":0,"parent":1462,"menu_order":0,"comment_status":"closed","ping_status":"closed","template":"","meta":{"_acf_changed":false,"footnotes":""},"class_list":["post-2457","page","type-page","status-publish","hentry"],"acf":[],"_links":{"self":[{"href":"https:\/\/teegro.gob.mx\/sitio2025\/wp-json\/wp\/v2\/pages\/2457","targetHints":{"allow":["GET"]}}],"collection":[{"href":"https:\/\/teegro.gob.mx\/sitio2025\/wp-json\/wp\/v2\/pages"}],"about":[{"href":"https:\/\/teegro.gob.mx\/sitio2025\/wp-json\/wp\/v2\/types\/page"}],"author":[{"embeddable":true,"href":"https:\/\/teegro.gob.mx\/sitio2025\/wp-json\/wp\/v2\/users\/1"}],"replies":[{"embeddable":true,"href":"https:\/\/teegro.gob.mx\/sitio2025\/wp-json\/wp\/v2\/comments?post=2457"}],"version-history":[{"count":2,"href":"https:\/\/teegro.gob.mx\/sitio2025\/wp-json\/wp\/v2\/pages\/2457\/revisions"}],"predecessor-version":[{"id":12023,"href":"https:\/\/teegro.gob.mx\/sitio2025\/wp-json\/wp\/v2\/pages\/2457\/revisions\/12023"}],"up":[{"embeddable":true,"href":"https:\/\/teegro.gob.mx\/sitio2025\/wp-json\/wp\/v2\/pages\/1462"}],"wp:attachment":[{"href":"https:\/\/teegro.gob.mx\/sitio2025\/wp-json\/wp\/v2\/media?parent=2457"}],"curies":[{"name":"wp","href":"https:\/\/api.w.org\/{rel}","templated":true}]}}