{"id":2459,"date":"2016-04-18T11:47:02","date_gmt":"2016-04-18T16:47:02","guid":{"rendered":"http:\/\/teegro.gob.mx\/inicio\/?page_id=2459"},"modified":"2016-08-19T16:17:27","modified_gmt":"2016-08-19T22:17:27","slug":"constituciones-locales","status":"publish","type":"page","link":"https:\/\/teegro.gob.mx\/sitio2025\/investigacion-y-difusion-electoral\/estudio-comparativo\/constituciones-locales\/","title":{"rendered":"Constituciones Locales"},"content":{"rendered":"<p><!-- VideographyWP Plugin Message: Automatic video embedding prevented by plugin options. --><\/p>\n<hr \/>\n<div class=\"list-group\"><span style=\"font-size: 12pt; color: #000000;\"><strong><a target=\"_blank\" class=\"list-group-item wow animated zoomIn\" href=\"http:\/\/teegro.gob.mx\/comparativo\/constitucion\/primera-constitucion.pdf\"><img decoding=\"async\" class=\"wp-image-1575 alignnone\" src=\"http:\/\/teegro.gob.mx\/inicio\/wp-content\/uploads\/2016\/03\/pdf-2.png\" alt=\"pdf\" width=\"33\" height=\"33\" \/> Primera Circunscripci\u00f3n<\/a><br \/>\n<a target=\"_blank\" class=\"list-group-item wow animated zoomIn\" href=\"http:\/\/teegro.gob.mx\/comparativo\/constitucion\/segunda-constitucion.pdf\"><img decoding=\"async\" class=\"wp-image-1575 alignnone\" src=\"http:\/\/teegro.gob.mx\/inicio\/wp-content\/uploads\/2016\/03\/pdf-2.png\" alt=\"pdf\" width=\"33\" height=\"33\" \/> Segunda Circunscripci\u00f3n<\/a><br \/>\n<a target=\"_blank\" class=\"list-group-item wow animated zoomIn\" href=\"http:\/\/teegro.gob.mx\/comparativo\/constitucion\/tercera-constitucion.pdf\"><img decoding=\"async\" class=\"wp-image-1575 alignnone\" src=\"http:\/\/teegro.gob.mx\/inicio\/wp-content\/uploads\/2016\/03\/pdf-2.png\" alt=\"pdf\" width=\"33\" height=\"33\" \/> Tercera Circunscripci\u00f3n<\/a><br \/>\n<a target=\"_blank\" class=\"list-group-item wow animated zoomIn\" href=\"http:\/\/teegro.gob.mx\/comparativo\/constitucion\/cuarta-constitucion.pdf\"><img decoding=\"async\" class=\"wp-image-1575 alignnone\" src=\"http:\/\/teegro.gob.mx\/inicio\/wp-content\/uploads\/2016\/03\/pdf-2.png\" alt=\"pdf\" width=\"33\" height=\"33\" \/> Cuarta Circunscripci\u00f3n<\/a><br \/>\n<a target=\"_blank\" class=\"list-group-item wow animated zoomIn\" href=\"http:\/\/teegro.gob.mx\/comparativo\/constitucion\/quinta-constitucion.pdf\"><img decoding=\"async\" class=\"wp-image-1575 alignnone\" src=\"http:\/\/teegro.gob.mx\/inicio\/wp-content\/uploads\/2016\/03\/pdf-2.png\" alt=\"pdf\" width=\"33\" height=\"33\" \/> Quinta Circunscripci\u00f3n<\/a><\/strong><\/span><\/div>\n","protected":false},"excerpt":{"rendered":"<p>Primera Circunscripci\u00f3n Segunda Circunscripci\u00f3n Tercera Circunscripci\u00f3n Cuarta Circunscripci\u00f3n Quinta Circunscripci\u00f3n<\/p>\n","protected":false},"author":1,"featured_media":0,"parent":1462,"menu_order":0,"comment_status":"closed","ping_status":"closed","template":"","meta":{"_acf_changed":false,"footnotes":""},"class_list":["post-2459","page","type-page","status-publish","hentry"],"acf":[],"_links":{"self":[{"href":"https:\/\/teegro.gob.mx\/sitio2025\/wp-json\/wp\/v2\/pages\/2459","targetHints":{"allow":["GET"]}}],"collection":[{"href":"https:\/\/teegro.gob.mx\/sitio2025\/wp-json\/wp\/v2\/pages"}],"about":[{"href":"https:\/\/teegro.gob.mx\/sitio2025\/wp-json\/wp\/v2\/types\/page"}],"author":[{"embeddable":true,"href":"https:\/\/teegro.gob.mx\/sitio2025\/wp-json\/wp\/v2\/users\/1"}],"replies":[{"embeddable":true,"href":"https:\/\/teegro.gob.mx\/sitio2025\/wp-json\/wp\/v2\/comments?post=2459"}],"version-history":[{"count":1,"href":"https:\/\/teegro.gob.mx\/sitio2025\/wp-json\/wp\/v2\/pages\/2459\/revisions"}],"predecessor-version":[{"id":4651,"href":"https:\/\/teegro.gob.mx\/sitio2025\/wp-json\/wp\/v2\/pages\/2459\/revisions\/4651"}],"up":[{"embeddable":true,"href":"https:\/\/teegro.gob.mx\/sitio2025\/wp-json\/wp\/v2\/pages\/1462"}],"wp:attachment":[{"href":"https:\/\/teegro.gob.mx\/sitio2025\/wp-json\/wp\/v2\/media?parent=2459"}],"curies":[{"name":"wp","href":"https:\/\/api.w.org\/{rel}","templated":true}]}}