{"id":2465,"date":"2016-04-18T11:48:59","date_gmt":"2016-04-18T16:48:59","guid":{"rendered":"http:\/\/teegro.gob.mx\/inicio\/?page_id=2465"},"modified":"2016-08-19T16:32:16","modified_gmt":"2016-08-19T22:32:16","slug":"leyes-organicas","status":"publish","type":"page","link":"https:\/\/teegro.gob.mx\/sitio2025\/investigacion-y-difusion-electoral\/estudio-comparativo\/leyes-organicas\/","title":{"rendered":"Leyes org\u00e1nicas"},"content":{"rendered":"<p><!-- VideographyWP Plugin Message: Automatic video embedding prevented by plugin options. --><\/p>\n<hr \/>\n<div class=\"list-group\"><span style=\"font-size: 12pt; color: #000000;\"><strong><a target=\"_blank\" class=\"list-group-item wow animated zoomIn\" href=\"http:\/\/teegro.gob.mx\/comparativo\/organicas\/organicas-primera.pdf\"><img decoding=\"async\" class=\"wp-image-1575 alignnone\" src=\"http:\/\/teegro.gob.mx\/inicio\/wp-content\/uploads\/2016\/03\/pdf-2.png\" alt=\"pdf\" width=\"33\" height=\"33\" \/> Primera Circunscripci\u00f3n<\/a><br \/>\n<a target=\"_blank\" class=\"list-group-item wow animated zoomIn\" href=\"http:\/\/teegro.gob.mx\/comparativo\/organicas\/organicas-segunda.pdf\"><img decoding=\"async\" class=\"wp-image-1575 alignnone\" src=\"http:\/\/teegro.gob.mx\/inicio\/wp-content\/uploads\/2016\/03\/pdf-2.png\" alt=\"pdf\" width=\"33\" height=\"33\" \/> Segunda Circunscripci\u00f3n<\/a><br \/>\n<a target=\"_blank\" class=\"list-group-item wow animated zoomIn\" href=\"http:\/\/teegro.gob.mx\/comparativo\/organicas\/organicas-tercera.pdf\"><img decoding=\"async\" class=\"wp-image-1575 alignnone\" src=\"http:\/\/teegro.gob.mx\/inicio\/wp-content\/uploads\/2016\/03\/pdf-2.png\" alt=\"pdf\" width=\"33\" height=\"33\" \/> Tercera Circunscripci\u00f3n<\/a><br \/>\n<a target=\"_blank\" class=\"list-group-item wow animated zoomIn\" href=\"http:\/\/teegro.gob.mx\/comparativo\/organicas\/organicas-cuarta.pdf\"><img decoding=\"async\" class=\"wp-image-1575 alignnone\" src=\"http:\/\/teegro.gob.mx\/inicio\/wp-content\/uploads\/2016\/03\/pdf-2.png\" alt=\"pdf\" width=\"33\" height=\"33\" \/> Cuarta Circunscripci\u00f3n<\/a><br \/>\n<a target=\"_blank\" class=\"list-group-item wow animated zoomIn\" href=\"http:\/\/teegro.gob.mx\/comparativo\/organicas\/organicas-quinta.pdf\"><img decoding=\"async\" class=\"wp-image-1575 alignnone\" src=\"http:\/\/teegro.gob.mx\/inicio\/wp-content\/uploads\/2016\/03\/pdf-2.png\" alt=\"pdf\" width=\"33\" height=\"33\" \/> Quinta Circunscripci\u00f3n<\/a><\/strong><\/span><\/div>\n","protected":false},"excerpt":{"rendered":"<p>Primera Circunscripci\u00f3n Segunda Circunscripci\u00f3n Tercera Circunscripci\u00f3n Cuarta Circunscripci\u00f3n Quinta Circunscripci\u00f3n<\/p>\n","protected":false},"author":1,"featured_media":0,"parent":1462,"menu_order":0,"comment_status":"closed","ping_status":"closed","template":"","meta":{"_acf_changed":false,"footnotes":""},"class_list":["post-2465","page","type-page","status-publish","hentry"],"acf":[],"_links":{"self":[{"href":"https:\/\/teegro.gob.mx\/sitio2025\/wp-json\/wp\/v2\/pages\/2465","targetHints":{"allow":["GET"]}}],"collection":[{"href":"https:\/\/teegro.gob.mx\/sitio2025\/wp-json\/wp\/v2\/pages"}],"about":[{"href":"https:\/\/teegro.gob.mx\/sitio2025\/wp-json\/wp\/v2\/types\/page"}],"author":[{"embeddable":true,"href":"https:\/\/teegro.gob.mx\/sitio2025\/wp-json\/wp\/v2\/users\/1"}],"replies":[{"embeddable":true,"href":"https:\/\/teegro.gob.mx\/sitio2025\/wp-json\/wp\/v2\/comments?post=2465"}],"version-history":[{"count":1,"href":"https:\/\/teegro.gob.mx\/sitio2025\/wp-json\/wp\/v2\/pages\/2465\/revisions"}],"predecessor-version":[{"id":4652,"href":"https:\/\/teegro.gob.mx\/sitio2025\/wp-json\/wp\/v2\/pages\/2465\/revisions\/4652"}],"up":[{"embeddable":true,"href":"https:\/\/teegro.gob.mx\/sitio2025\/wp-json\/wp\/v2\/pages\/1462"}],"wp:attachment":[{"href":"https:\/\/teegro.gob.mx\/sitio2025\/wp-json\/wp\/v2\/media?parent=2465"}],"curies":[{"name":"wp","href":"https:\/\/api.w.org\/{rel}","templated":true}]}}